{"id":159,"date":"2022-12-06T18:40:02","date_gmt":"2022-12-06T18:40:02","guid":{"rendered":"https:\/\/maffexgruppe.de\/?page_id=159"},"modified":"2025-04-21T15:50:07","modified_gmt":"2025-04-21T15:50:07","slug":"infos-zu-kroatien","status":"publish","type":"page","link":"https:\/\/maffexgruppe.de\/?page_id=159","title":{"rendered":"Infos zu Kroatien"},"content":{"rendered":"\n<p style=\"font-size:23px\"><strong>Die Inselwelt Kroatiens:<\/strong><\/p>\n\n\n\n<p style=\"font-size:16px\"><strong>Insel Brac<\/strong><\/p>\n\n\n\n<p style=\"font-size:16px\">Die Insel <strong>Brac<\/strong> ist mit einer Fl\u00e4che von 395 km\u00b2 die drittgr\u00f6\u00dfte Insel der Adria. Besonders beliebt ist sie bei sonnenhungrigen und naturverbundenen Urlaubern. Goldgelbe Sandstr\u00e4nde, leuchtend blaues Meer und angenehm mediterranes Klima laden Strandurlauber geradezu ein. Felslandschaften sorgen bei Wanderern f\u00fcr ein unvergessliches Urlaubserlebnis. Der Strand Zlatni Rat ist ein Highlight f\u00fcr Strandliebhaber. Ob Relaxen, Action oder Sightseeing \u2013 auf Brac kommt jeder Urlauber auf seine Kosten.<\/p>\n\n\n\n<p style=\"font-size:16px\"><strong>Insel Hvar<\/strong><\/p>\n\n\n\n<p style=\"font-size:16px\">Die Insel <strong>Hvar<\/strong> ist die Perle der Adria. Sie liegt im S\u00fcden Kroatiens, direkt vor der dalmatinischen K\u00fcste. Mit einer Fl\u00e4che von rund 297 km\u00b2 ist sie die viertgr\u00f6\u00dfte Insel Kroatiens. Hvar wird zu den sch\u00f6nsten Inseln der Welt gez\u00e4hlt. Sie gilt als sonnigste der kroatischen Inseln, mit glasklarem Wasser, historischen Pl\u00e4tzen und traditionelle Gastronomie. Doch nicht nur Ruhe suchende sind auf und in Hvar richtig. In der Inselhauptstadt geht es seit einigen Jahren etwas lauter zu. Die Stadt hat sich zu einem Party-Hotspot gemausert. Zwischen Juni und September wird hier einiges geboten, wenn man auf Beachpartys am Strand und in den zahlreichen Bars steht. Die Insel ist auch eine gute Ausgangsbasis, um die anderen kroatischen Inseln kennenzulernen. T\u00e4gliche F\u00e4hren gehen nach Split, Brac und vielen anderen Zielen.<\/p>\n\n\n\n<p style=\"font-size:16px\"><strong>Trogir<\/strong><\/p>\n\n\n\n<p style=\"font-size:16px\">Trogir ist eine historische Hafenstadt und liegt nur 30 Kilometer von der dalmatinischen K\u00fcstenmetropole Split entfernt. Sie ist ber\u00fchmt f\u00fcr die malerische Altstadt mit den vielen wundersch\u00f6nen Sehensw\u00fcrdigkeiten. Aufgrund der guten Lage und Flughafenn\u00e4he ist die Weltkulturerbe-Stadt nicht nur ein beliebtes Ziel f\u00fcr Ausfl\u00fcge, sondern auch f\u00fcr einen Urlaub. <\/p>\n\n\n\n<p style=\"font-size:16px\">Die gut erhaltene Altstadt ist f\u00fcr ihre Mischung aus Renaissance-, Barock- und Romanikgeb\u00e4uden bekannt und liegt auf einer kleinen Insel, die \u00fcber Br\u00fccken mit dem Festland und der Insel \u010ciovo verbunden ist. Die Kathedrale von Trogir aus dem 13.&nbsp;Jahrhundert umfasst die Kapelle des Hl. Johannes im Renaissancestil und bietet einen herrlichen Blick vom Glockenturm. Teile der mittelalterlichen Stadtmauer sind noch immer intakt. <\/p>\n\n\n\n<p><\/p>\n","protected":false},"excerpt":{"rendered":"<p>Die Inselwelt Kroatiens: Insel Brac Die Insel Brac ist mit einer Fl\u00e4che von 395 km\u00b2 die drittgr\u00f6\u00dfte Insel der Adria. Besonders beliebt ist sie bei sonnenhungrigen und naturverbundenen Urlaubern. Goldgelbe Sandstr\u00e4nde, leuchtend blaues Meer und angenehm mediterranes Klima laden Strandurlauber geradezu ein. Felslandschaften sorgen bei Wanderern f\u00fcr ein unvergessliches Urlaubserlebnis. Der Strand Zlatni Rat ist [&hellip;]<\/p>\n","protected":false},"author":1,"featured_media":0,"parent":0,"menu_order":0,"comment_status":"closed","ping_status":"closed","template":"","meta":{"footnotes":""},"class_list":["post-159","page","type-page","status-publish","hentry","post"],"_links":{"self":[{"href":"https:\/\/maffexgruppe.de\/index.php?rest_route=\/wp\/v2\/pages\/159","targetHints":{"allow":["GET"]}}],"collection":[{"href":"https:\/\/maffexgruppe.de\/index.php?rest_route=\/wp\/v2\/pages"}],"about":[{"href":"https:\/\/maffexgruppe.de\/index.php?rest_route=\/wp\/v2\/types\/page"}],"author":[{"embeddable":true,"href":"https:\/\/maffexgruppe.de\/index.php?rest_route=\/wp\/v2\/users\/1"}],"replies":[{"embeddable":true,"href":"https:\/\/maffexgruppe.de\/index.php?rest_route=%2Fwp%2Fv2%2Fcomments&post=159"}],"version-history":[{"count":8,"href":"https:\/\/maffexgruppe.de\/index.php?rest_route=\/wp\/v2\/pages\/159\/revisions"}],"predecessor-version":[{"id":574,"href":"https:\/\/maffexgruppe.de\/index.php?rest_route=\/wp\/v2\/pages\/159\/revisions\/574"}],"wp:attachment":[{"href":"https:\/\/maffexgruppe.de\/index.php?rest_route=%2Fwp%2Fv2%2Fmedia&parent=159"}],"curies":[{"name":"wp","href":"https:\/\/api.w.org\/{rel}","templated":true}]}}