{"id":41,"date":"2022-12-06T13:31:34","date_gmt":"2022-12-06T13:31:34","guid":{"rendered":"https:\/\/maffexgruppe.de\/?page_id=41"},"modified":"2022-12-06T18:37:19","modified_gmt":"2022-12-06T18:37:19","slug":"privathaeuser-villen-kaufen","status":"publish","type":"page","link":"https:\/\/maffexgruppe.de\/?page_id=41","title":{"rendered":"Privath\u00e4user &#038; Villen kaufen"},"content":{"rendered":"\n<p class=\"has-medium-font-size\"><strong>Zwei Villenprojekte auf der Insel \u0160olta Maslinica, mit Meerblick zu verkaufen<\/strong><\/p>\n\n\n\n<figure class=\"wp-block-image\"><img decoding=\"async\" src=\"https:\/\/blsgruppe.de\/wp-content\/uploads\/2022\/10\/villa_mast_hinten.jpg\" alt=\"\" class=\"wp-image-1051\"\/><\/figure>\n\n\n\n<p class=\"has-medium-font-size\">Die Insel \u0160olta Maslinica ist direkt gegen\u00fcber der alten wundersch\u00f6nen Stadt Trogir gelegen. Derzeit entstehen dort zwei Villen. Diese k\u00f6nnen einzeln oder als Investment zusammen inklusive Firma \u00fcbernommen werden.<\/p>\n\n\n\n<figure class=\"wp-block-image\"><img decoding=\"async\" src=\"https:\/\/blsgruppe.de\/wp-content\/uploads\/2022\/10\/villa_mast1_oben.jpg\" alt=\"\" class=\"wp-image-1052\"\/><\/figure>\n\n\n\n<p class=\"has-medium-font-size\">Die Innenfl\u00e4che betr\u00e4gt 200 m\u00b2, es sind drei Schlafzimmern vorhanden. Die Au\u00dfenfl\u00e4che betr\u00e4gt 85 m\u00b2, einschlie\u00dflich Swimmingpools von 23 m\u00b2.<\/p>\n\n\n\n<figure class=\"wp-block-image\"><img decoding=\"async\" src=\"https:\/\/bls-private.de\/wp-content\/uploads\/2022\/11\/villa1-1024x576.jpg\" alt=\"\" class=\"wp-image-2293\"\/><\/figure>\n\n\n\n<p class=\"has-medium-font-size\">Weitere Informationen mit allen Details erhalten Sie <a href=\"https:\/\/maffexgruppe.de\/?page_id=100\" data-type=\"page\" data-id=\"100\">hier<\/a><\/p>\n\n\n\n<figure class=\"wp-block-image\"><img decoding=\"async\" src=\"https:\/\/bls-private.de\/wp-content\/uploads\/2022\/11\/villa3-1024x576.jpg\" alt=\"\" class=\"wp-image-2295\"\/><\/figure>\n\n\n\n<figure class=\"wp-block-gallery has-nested-images columns-default is-cropped wp-block-gallery-1 is-layout-flex wp-block-gallery-is-layout-flex\">\n<figure class=\"wp-block-image size-large\"><img loading=\"lazy\" decoding=\"async\" width=\"1024\" height=\"576\" data-id=\"64\" src=\"https:\/\/maffexgruppe.de\/wp-content\/uploads\/2022\/12\/villa2-1-1024x576.jpg\" alt=\"\" class=\"wp-image-64\" srcset=\"https:\/\/maffexgruppe.de\/wp-content\/uploads\/2022\/12\/villa2-1-1024x576.jpg 1024w, https:\/\/maffexgruppe.de\/wp-content\/uploads\/2022\/12\/villa2-1-300x169.jpg 300w, https:\/\/maffexgruppe.de\/wp-content\/uploads\/2022\/12\/villa2-1-768x432.jpg 768w, https:\/\/maffexgruppe.de\/wp-content\/uploads\/2022\/12\/villa2-1-1536x864.jpg 1536w, https:\/\/maffexgruppe.de\/wp-content\/uploads\/2022\/12\/villa2-1-1110x624.jpg 1110w, https:\/\/maffexgruppe.de\/wp-content\/uploads\/2022\/12\/villa2-1-528x297.jpg 528w, https:\/\/maffexgruppe.de\/wp-content\/uploads\/2022\/12\/villa2-1.jpg 1600w\" sizes=\"auto, (max-width: 1024px) 100vw, 1024px\" \/><\/figure>\n\n\n\n<figure class=\"wp-block-image size-large\"><img loading=\"lazy\" decoding=\"async\" width=\"1024\" height=\"576\" data-id=\"68\" src=\"https:\/\/maffexgruppe.de\/wp-content\/uploads\/2022\/12\/villa4-1-1024x576.jpg\" alt=\"\" class=\"wp-image-68\" srcset=\"https:\/\/maffexgruppe.de\/wp-content\/uploads\/2022\/12\/villa4-1-1024x576.jpg 1024w, https:\/\/maffexgruppe.de\/wp-content\/uploads\/2022\/12\/villa4-1-300x169.jpg 300w, https:\/\/maffexgruppe.de\/wp-content\/uploads\/2022\/12\/villa4-1-768x432.jpg 768w, https:\/\/maffexgruppe.de\/wp-content\/uploads\/2022\/12\/villa4-1-1536x864.jpg 1536w, https:\/\/maffexgruppe.de\/wp-content\/uploads\/2022\/12\/villa4-1-1110x624.jpg 1110w, https:\/\/maffexgruppe.de\/wp-content\/uploads\/2022\/12\/villa4-1-528x297.jpg 528w, https:\/\/maffexgruppe.de\/wp-content\/uploads\/2022\/12\/villa4-1.jpg 1600w\" sizes=\"auto, (max-width: 1024px) 100vw, 1024px\" \/><\/figure>\n<\/figure>\n\n\n\n<hr class=\"wp-block-separator has-alpha-channel-opacity\"\/>\n\n\n\n<p class=\"has-medium-font-size\">Sie haben konkrete Immobilienvorstellungen und suchen ein passendes Objekt in Kroatien? Ob Gewerbe oder Privat \u2013 wir arbeiten gerne mit Ihnen zusammen.<\/p>\n\n\n\n<p class=\"has-medium-font-size\">Sie erreichen unser Berliner B\u00fcro unter der Telefonnummer +493031483665 oder Mobil \/ WhatsApp +4915784645566.<\/p>\n\n\n\n<hr class=\"wp-block-separator has-alpha-channel-opacity\"\/>\n\n\n\n<figure class=\"wp-block-image size-full\"><img loading=\"lazy\" decoding=\"async\" width=\"1024\" height=\"640\" src=\"https:\/\/maffexgruppe.de\/wp-content\/uploads\/2022\/12\/bau_kroatien_1_2-1024x640-6.jpg\" alt=\"\" class=\"wp-image-85\" srcset=\"https:\/\/maffexgruppe.de\/wp-content\/uploads\/2022\/12\/bau_kroatien_1_2-1024x640-6.jpg 1024w, https:\/\/maffexgruppe.de\/wp-content\/uploads\/2022\/12\/bau_kroatien_1_2-1024x640-6-300x188.jpg 300w, https:\/\/maffexgruppe.de\/wp-content\/uploads\/2022\/12\/bau_kroatien_1_2-1024x640-6-768x480.jpg 768w\" sizes=\"auto, (max-width: 1024px) 100vw, 1024px\" \/><\/figure>\n\n\n\n<p class=\"has-medium-font-size\">Derzeit wird von unseren Partnern eine Wohnanlage mit sechs bis sieben H\u00e4usern entwickelt. Das Grundst\u00fcck umfasst eine Fl\u00e4che von 4500m\u00b2 und ist unmittelbar an einem wundersch\u00f6nen Nationalpark gelegen. Zwei Flugh\u00e4fen sind leicht erreichbar. Alle erforderlichen Genehmigungen sind vorhanden. F\u00fcr weitere Informationen sind wir gerne f\u00fcr Sie erreichbar.<\/p>\n\n\n\n<figure class=\"wp-block-gallery has-nested-images columns-default is-cropped wp-block-gallery-2 is-layout-flex wp-block-gallery-is-layout-flex\">\n<figure class=\"wp-block-image size-large\"><img loading=\"lazy\" decoding=\"async\" width=\"1024\" height=\"677\" data-id=\"82\" src=\"https:\/\/maffexgruppe.de\/wp-content\/uploads\/2022\/12\/bau_kroatien_1_4-1024x677-2.jpg\" alt=\"\" class=\"wp-image-82\" srcset=\"https:\/\/maffexgruppe.de\/wp-content\/uploads\/2022\/12\/bau_kroatien_1_4-1024x677-2.jpg 1024w, https:\/\/maffexgruppe.de\/wp-content\/uploads\/2022\/12\/bau_kroatien_1_4-1024x677-2-300x198.jpg 300w, https:\/\/maffexgruppe.de\/wp-content\/uploads\/2022\/12\/bau_kroatien_1_4-1024x677-2-768x508.jpg 768w\" sizes=\"auto, (max-width: 1024px) 100vw, 1024px\" \/><\/figure>\n\n\n\n<figure class=\"wp-block-image size-large\"><img loading=\"lazy\" decoding=\"async\" width=\"1024\" height=\"636\" data-id=\"84\" src=\"https:\/\/maffexgruppe.de\/wp-content\/uploads\/2022\/12\/bau_kroatien_1_3-1024x636-3.jpg\" alt=\"\" class=\"wp-image-84\" srcset=\"https:\/\/maffexgruppe.de\/wp-content\/uploads\/2022\/12\/bau_kroatien_1_3-1024x636-3.jpg 1024w, https:\/\/maffexgruppe.de\/wp-content\/uploads\/2022\/12\/bau_kroatien_1_3-1024x636-3-300x186.jpg 300w, https:\/\/maffexgruppe.de\/wp-content\/uploads\/2022\/12\/bau_kroatien_1_3-1024x636-3-768x477.jpg 768w\" sizes=\"auto, (max-width: 1024px) 100vw, 1024px\" \/><\/figure>\n<\/figure>\n","protected":false},"excerpt":{"rendered":"<p>Zwei Villenprojekte auf der Insel \u0160olta Maslinica, mit Meerblick zu verkaufen Die Insel \u0160olta Maslinica ist direkt gegen\u00fcber der alten wundersch\u00f6nen Stadt Trogir gelegen. Derzeit entstehen dort zwei Villen. Diese k\u00f6nnen einzeln oder als Investment zusammen inklusive Firma \u00fcbernommen werden. Die Innenfl\u00e4che betr\u00e4gt 200 m\u00b2, es sind drei Schlafzimmern vorhanden. Die Au\u00dfenfl\u00e4che betr\u00e4gt 85 m\u00b2, [&hellip;]<\/p>\n","protected":false},"author":1,"featured_media":0,"parent":0,"menu_order":0,"comment_status":"closed","ping_status":"closed","template":"","meta":{"footnotes":""},"class_list":["post-41","page","type-page","status-publish","hentry","post"],"_links":{"self":[{"href":"https:\/\/maffexgruppe.de\/index.php?rest_route=\/wp\/v2\/pages\/41","targetHints":{"allow":["GET"]}}],"collection":[{"href":"https:\/\/maffexgruppe.de\/index.php?rest_route=\/wp\/v2\/pages"}],"about":[{"href":"https:\/\/maffexgruppe.de\/index.php?rest_route=\/wp\/v2\/types\/page"}],"author":[{"embeddable":true,"href":"https:\/\/maffexgruppe.de\/index.php?rest_route=\/wp\/v2\/users\/1"}],"replies":[{"embeddable":true,"href":"https:\/\/maffexgruppe.de\/index.php?rest_route=%2Fwp%2Fv2%2Fcomments&post=41"}],"version-history":[{"count":4,"href":"https:\/\/maffexgruppe.de\/index.php?rest_route=\/wp\/v2\/pages\/41\/revisions"}],"predecessor-version":[{"id":158,"href":"https:\/\/maffexgruppe.de\/index.php?rest_route=\/wp\/v2\/pages\/41\/revisions\/158"}],"wp:attachment":[{"href":"https:\/\/maffexgruppe.de\/index.php?rest_route=%2Fwp%2Fv2%2Fmedia&parent=41"}],"curies":[{"name":"wp","href":"https:\/\/api.w.org\/{rel}","templated":true}]}}