{"id":623,"date":"2025-07-10T15:48:27","date_gmt":"2025-07-10T15:48:27","guid":{"rendered":"https:\/\/maffexgruppe.de\/?page_id=623"},"modified":"2025-07-10T16:23:56","modified_gmt":"2025-07-10T16:23:56","slug":"luxusreisen","status":"publish","type":"page","link":"https:\/\/maffexgruppe.de\/?page_id=623","title":{"rendered":"Luxusreisen"},"content":{"rendered":"\n<h1 class=\"wp-block-heading\" style=\"font-size:16px\"><strong>Boote &amp; Jachten \u2022 Ferienh\u00e4user \u2022 Ferienvillen \u2022&nbsp; Kreuzfahrten&nbsp; \u2022&nbsp; Lodges&nbsp; \u2022&nbsp; Privatinseln&nbsp; \u2022&nbsp; Privatfl\u00fcge<\/strong><\/h1>\n\n\n\n<figure class=\"wp-block-image alignwide\"><img decoding=\"async\" src=\"https:\/\/maffex.de\/wp-content\/uploads\/2025\/04\/boot_mieten.jpg\" alt=\"\" class=\"wp-image-2898\"\/><\/figure>\n\n\n\n<h1 class=\"wp-block-heading\" style=\"font-size:18px\">Wir sind die Reisespezialisten f\u00fcr Ihren Traumurlaub. Sorgf\u00e4ltig ausgew\u00e4hlte Hotels, Luxusresorts, Chalets, Ferienwohnungen, Ferienh\u00e4user, Fincas, Lodges und Ferienvillen stehen weltweit f\u00fcr Sie bereit.<\/h1>\n\n\n\n<p style=\"font-size:16px\">F\u00fcr Wasserratten halten wir eine gro\u00dfe Auswahl an Booten und Yachten in allen Gr\u00f6\u00dfen bereit. Genie\u00dfen Sie Komfort und Luxus, Raum, Charme und Ambiente. Ob auf dem Meer, in den Bergen oder irgendwo dazwischen. Wir finden das Richtige f\u00fcr Sie.<\/p>\n\n\n\n<p style=\"font-size:16px\">Sie wollen entspannt ankommen? Ob Airline, Privatflug oder Limousinenservice \u2013 wir organisieren, was Sie w\u00fcnschen. Gerne stellen wir Ihnen auch Ihre eigene exklusive Urlaubs- oder Rundreise zusammen.<\/p>\n\n\n\n<p style=\"font-size:16px\">Das Programm bestimmen Sie. Sie haben die W\u00fcnsche \u2013 wir erf\u00fcllen sie.<\/p>\n\n\n\n<p><a>KONTAKT<\/a><\/p>\n\n\n\n<h2 class=\"wp-block-heading\" style=\"font-size:18px\"><strong>Chalets &amp; Lodges<\/strong><\/h2>\n\n\n\n<figure class=\"wp-block-image\"><img decoding=\"async\" src=\"https:\/\/maffex.de\/wp-content\/uploads\/2025\/04\/lodge_kanada.jpg\" alt=\"\" class=\"wp-image-3070\"\/><\/figure>\n\n\n\n<p style=\"font-size:16px\">Ob komfortable Lodge in den Rocky Mountains, luxuri\u00f6ses Chalet in \u00d6sterreich oder Traumlodge in Afrika. Es gibt viele sch\u00f6ne Pl\u00e4tze auf dieser Welt. Sie haben die Qual der Wahl. F\u00fcr weitere Informationen <a href=\"https:\/\/maffex-private.de\/kontakt\/\" target=\"_blank\" rel=\"noreferrer noopener\"><strong>rufen<\/strong><\/a> Sie uns einach an. &nbsp;<\/p>\n\n\n\n<figure class=\"wp-block-image\"><img decoding=\"async\" src=\"https:\/\/maffex.de\/wp-content\/uploads\/2025\/04\/lodge_tansania.jpg\" alt=\"\" class=\"wp-image-3071\"\/><\/figure>\n\n\n\n<h2 class=\"wp-block-heading\" style=\"font-size:18px\"><strong>Boote &amp; Jachten chartern<\/strong><\/h2>\n\n\n\n<figure class=\"wp-block-image\"><img decoding=\"async\" src=\"https:\/\/maffex.de\/wp-content\/uploads\/2022\/06\/sy_Navilux1.jpg\" alt=\"\" class=\"wp-image-958\"\/><\/figure>\n\n\n\n<p style=\"font-size:16px\">Das Chartern von Booten und Yachten wird immer beliebter. Das Mittelmeer geh\u00f6rt dabei zu den Hotspots f\u00fcr Wasser- und Bootsliebhaber. Ob Katamaran, Segelboot, Motorboot, Motorsegler, Gulet, Segelyacht oder Motoryacht \u2013 wir vermieten alle Arten von Wasserfahrzeugen an den sch\u00f6nsten Pl\u00e4tzen der Welt.<\/p>\n\n\n\n<p style=\"font-size:16px\">Weitere Informationen finden Sie <a href=\"https:\/\/blajacht.de\" target=\"_blank\" rel=\"noreferrer noopener\">hier<\/a>.<\/p>\n\n\n\n<p><a>KONTAKT<\/a><\/p>\n\n\n\n<figure class=\"wp-block-image\"><img decoding=\"async\" src=\"https:\/\/maffex.de\/wp-content\/uploads\/2022\/06\/challlenger_3500_startbild-1024x341.png\" alt=\"\" class=\"wp-image-1053\"\/><\/figure>\n\n\n\n<h2 class=\"wp-block-heading\" style=\"font-size:18px\"><strong>Hubschrauber und Privatjet chartern<\/strong><\/h2>\n\n\n\n<p style=\"font-size:16px\">Sie m\u00f6chten ausgeruht und entspannt an Ihrem Reiseziel ankommen? Unsere Auswahl an gepflegten Privatjets und Helikoptern steht f\u00fcr Sie bereit. Ob Gesch\u00e4ftsfl\u00fcge, Privat- oder Sonderfl\u00fcge. Seit \u00fcber 20 Jahren erf\u00fcllen wir alle W\u00fcnsche rund ums Fliegen.<\/p>\n\n\n\n<p style=\"font-size:16px\">Hier k\u00f6nnen Sie sich weiter <a href=\"https:\/\/blsairservice.de\" target=\"_blank\" rel=\"noreferrer noopener\"><strong>informieren<\/strong><\/a>.<\/p>\n\n\n\n<p><a>KONTAKT<\/a><\/p>\n\n\n\n<figure class=\"wp-block-image\"><img decoding=\"async\" src=\"https:\/\/maffex.de\/wp-content\/uploads\/2022\/06\/villa_start_orvas_2-1024x341.png\" alt=\"\" class=\"wp-image-1209\"\/><\/figure>\n\n\n\n<h2 class=\"wp-block-heading\" style=\"font-size:18px\"><strong>Hotels &amp; Resorts<\/strong><\/h2>\n\n\n\n<p style=\"font-size:16px\">Sie wollen einfach mal abschalten und sich verw\u00f6hnen lassen? Zahlreiche Hotels und Resorts der Extraklasse stehen f\u00fcr Sie und Ihre W\u00fcnsche bereit. Lassen Sie sich verw\u00f6hnen und g\u00f6nnen Sie sich die verschiedensten Aufmerksamkeiten. Oder wie w\u00e4re es mit sportlichen Aktivit\u00e4ten? Reiten, Golfen oder Segeln \u2013 alles ist m\u00f6glich.<\/p>\n\n\n\n<p><a>KONTAKT<\/a><\/p>\n\n\n\n<h2 class=\"wp-block-heading\" style=\"font-size:18px\"><strong>Die Inselwelt der Malediven entdecken<\/strong><\/h2>\n\n\n\n<p style=\"font-size:16px\">Die Malediven sind ein Symbol f\u00fcr Urlaubstr\u00e4ume. Insgesamt sind es rund 1200 Inseln, die sich \u00fcber den Indischen Ozean verteilen. Sie laden zu vielf\u00e4ltigen Wassersportaktivit\u00e4ten ein.<\/p>\n\n\n\n<p style=\"font-size:16px\">Oder einfach nur zum Tr\u00e4umen, Entspannen und Verw\u00f6hnen lassen. Wir halten verschiedene Resorts, exklusive Wasservillen und auf Wunsch auch ganze Privatinseln f\u00fcr Sie bereit.<\/p>\n\n\n\n<p>Weitere Informationen finden Sie hier.<\/p>\n\n\n\n<h2 class=\"wp-block-heading\" style=\"font-size:18px\"><strong>Ferienwohnungen, Ferienh\u00e4user, Ferienvillen und Fincas sind und bleiben beliebt.<\/strong><\/h2>\n\n\n\n<p style=\"font-size:16px\">Wenn wir mehr \u00fcber Ihre W\u00fcnsche und Vorstellungen erfahren, unterbreiten wir Ihnen gerne entsprechende Vorschl\u00e4ge. Genie\u00dfen Sie Raum, Charme und Ambiente. Ob am Meer, in den Bergen oder irgendwo dazwischen \u2013 wir finden das Richtige f\u00fcr Sie!<\/p>\n\n\n\n<p><a href=\"https:\/\/maffex-private.de\/kontakt\/\" target=\"_blank\" rel=\"noreferrer noopener\"><strong>KONTAKT<\/strong><\/a><\/p>\n\n\n\n<h2 class=\"wp-block-heading\" style=\"font-size:18px\"><strong>Superyacht Cruising<\/strong><\/h2>\n\n\n\n<p style=\"font-size:16px\">Ob Kreuzfahrten auf Superyachten mit eigenem Helikopter und U-Boot an Bord, eine luxuri\u00f6se Flusskreuzfahrt in S\u00fcdostasien oder eine Expeditionsreise in die Antarktis. Reisen Sie mit maximal hundert G\u00e4sten an Bord zu den sch\u00f6nsten Pl\u00e4tzen der Welt. Weitere Informationen gibt es <strong>hier<\/strong>.<\/p>\n","protected":false},"excerpt":{"rendered":"<p>Boote &amp; Jachten \u2022 Ferienh\u00e4user \u2022 Ferienvillen \u2022&nbsp; Kreuzfahrten&nbsp; \u2022&nbsp; Lodges&nbsp; \u2022&nbsp; Privatinseln&nbsp; \u2022&nbsp; Privatfl\u00fcge Wir sind die Reisespezialisten f\u00fcr Ihren Traumurlaub. Sorgf\u00e4ltig ausgew\u00e4hlte Hotels, Luxusresorts, Chalets, Ferienwohnungen, Ferienh\u00e4user, Fincas, Lodges und Ferienvillen stehen weltweit f\u00fcr Sie bereit. F\u00fcr Wasserratten halten wir eine gro\u00dfe Auswahl an Booten und Yachten in allen Gr\u00f6\u00dfen bereit. Genie\u00dfen Sie [&hellip;]<\/p>\n","protected":false},"author":1,"featured_media":0,"parent":0,"menu_order":0,"comment_status":"closed","ping_status":"closed","template":"","meta":{"footnotes":""},"class_list":["post-623","page","type-page","status-publish","hentry","post"],"_links":{"self":[{"href":"https:\/\/maffexgruppe.de\/index.php?rest_route=\/wp\/v2\/pages\/623","targetHints":{"allow":["GET"]}}],"collection":[{"href":"https:\/\/maffexgruppe.de\/index.php?rest_route=\/wp\/v2\/pages"}],"about":[{"href":"https:\/\/maffexgruppe.de\/index.php?rest_route=\/wp\/v2\/types\/page"}],"author":[{"embeddable":true,"href":"https:\/\/maffexgruppe.de\/index.php?rest_route=\/wp\/v2\/users\/1"}],"replies":[{"embeddable":true,"href":"https:\/\/maffexgruppe.de\/index.php?rest_route=%2Fwp%2Fv2%2Fcomments&post=623"}],"version-history":[{"count":4,"href":"https:\/\/maffexgruppe.de\/index.php?rest_route=\/wp\/v2\/pages\/623\/revisions"}],"predecessor-version":[{"id":649,"href":"https:\/\/maffexgruppe.de\/index.php?rest_route=\/wp\/v2\/pages\/623\/revisions\/649"}],"wp:attachment":[{"href":"https:\/\/maffexgruppe.de\/index.php?rest_route=%2Fwp%2Fv2%2Fmedia&parent=623"}],"curies":[{"name":"wp","href":"https:\/\/api.w.org\/{rel}","templated":true}]}}