{"id":624,"date":"2025-07-10T15:48:27","date_gmt":"2025-07-10T15:48:27","guid":{"rendered":"https:\/\/maffexgruppe.de\/?page_id=624"},"modified":"2025-07-10T16:17:29","modified_gmt":"2025-07-10T16:17:29","slug":"pauschalreisen","status":"publish","type":"page","link":"https:\/\/maffexgruppe.de\/?page_id=624","title":{"rendered":"Pauschalreisen"},"content":{"rendered":"\n<p>Ob Pauschalreisen, Kreuzfahrten, Flusskreuzfahrten, St\u00e4dtetripps, Rundreisen, Kurzreisen, Kur- &amp; Wellnessreisen, Flugbuchungen, Gruppenfl\u00fcge, Hochzeitsreisen, Romantikreisen, Safari, Weltreisen, Visaservice und Reiseversicherung. Haben wir etwas in der Aufz\u00e4hlung vergessen? Haben wir aber sicher auch im Angebot. Unsere Mitarbeiter sind f\u00fcr Sie da und beraten Sie gerne.<\/p>\n\n\n\n<p><a href=\"https:\/\/maffexgruppe.de\/?page_id=100\" data-type=\"page\" data-id=\"100\">KONTAKT<\/a><\/p>\n\n\n\n<p>Weitere Informationen finden Sie auf unserer <a href=\"https:\/\/maffex.de\" target=\"_blank\" rel=\"noreferrer noopener\">Webseite<\/a>, Instagram- und Facebook -Kan\u00e4len. Sie k\u00f6nnen einige Angebote auch direkt online buchen.<\/p>\n","protected":false},"excerpt":{"rendered":"<p>Ob Pauschalreisen, Kreuzfahrten, Flusskreuzfahrten, St\u00e4dtetripps, Rundreisen, Kurzreisen, Kur- &amp; Wellnessreisen, Flugbuchungen, Gruppenfl\u00fcge, Hochzeitsreisen, Romantikreisen, Safari, Weltreisen, Visaservice und Reiseversicherung. Haben wir etwas in der Aufz\u00e4hlung vergessen? Haben wir aber sicher auch im Angebot. Unsere Mitarbeiter sind f\u00fcr Sie da und beraten Sie gerne. KONTAKT Weitere Informationen finden Sie auf unserer Webseite, Instagram- und Facebook -Kan\u00e4len. [&hellip;]<\/p>\n","protected":false},"author":1,"featured_media":0,"parent":0,"menu_order":0,"comment_status":"closed","ping_status":"closed","template":"","meta":{"footnotes":""},"class_list":["post-624","page","type-page","status-publish","hentry","post"],"_links":{"self":[{"href":"https:\/\/maffexgruppe.de\/index.php?rest_route=\/wp\/v2\/pages\/624","targetHints":{"allow":["GET"]}}],"collection":[{"href":"https:\/\/maffexgruppe.de\/index.php?rest_route=\/wp\/v2\/pages"}],"about":[{"href":"https:\/\/maffexgruppe.de\/index.php?rest_route=\/wp\/v2\/types\/page"}],"author":[{"embeddable":true,"href":"https:\/\/maffexgruppe.de\/index.php?rest_route=\/wp\/v2\/users\/1"}],"replies":[{"embeddable":true,"href":"https:\/\/maffexgruppe.de\/index.php?rest_route=%2Fwp%2Fv2%2Fcomments&post=624"}],"version-history":[{"count":3,"href":"https:\/\/maffexgruppe.de\/index.php?rest_route=\/wp\/v2\/pages\/624\/revisions"}],"predecessor-version":[{"id":643,"href":"https:\/\/maffexgruppe.de\/index.php?rest_route=\/wp\/v2\/pages\/624\/revisions\/643"}],"wp:attachment":[{"href":"https:\/\/maffexgruppe.de\/index.php?rest_route=%2Fwp%2Fv2%2Fmedia&parent=624"}],"curies":[{"name":"wp","href":"https:\/\/api.w.org\/{rel}","templated":true}]}}