{"id":626,"date":"2025-07-10T15:48:27","date_gmt":"2025-07-10T15:48:27","guid":{"rendered":"https:\/\/maffexgruppe.de\/?page_id=626"},"modified":"2025-07-10T16:18:45","modified_gmt":"2025-07-10T16:18:45","slug":"geschaeftsreisen","status":"publish","type":"page","link":"https:\/\/maffexgruppe.de\/?page_id=626","title":{"rendered":"Gesch\u00e4ftsreisen"},"content":{"rendered":"\n<figure class=\"wp-block-image\"><img decoding=\"async\" src=\"https:\/\/maffex.de\/wp-content\/uploads\/2024\/08\/beratung.webp\" alt=\"\" class=\"wp-image-2501\"\/><\/figure>\n\n\n\n<h1 class=\"wp-block-heading has-medium-font-size\">Gesch\u00e4ftsreisen, Messereisen, Eventreisen, Incentivereisen, Kongressreisen, Tagungsreisen. Als Berliner Gesch\u00e4ftsreisespezialist unterst\u00fctzen wir Ihr Unternehmen gerne bei der Organisation Ihrer Gesch\u00e4ftsreisen oder organisieren mit den entsprechenden Partnern ganze Firmenevents.<\/h1>\n\n\n\n<p style=\"font-size:16px\">Die Welt ist mein B\u00fcro: Doch Reisebuchungen, Umbuchungen und Stornierungen werden immer komplexer. Mitarbeiter in Unternehmen, die diese T\u00e4tigkeiten bisher \u201emal eben\u201c erledigt haben, sind damit immer h\u00e4ufiger \u00fcberfordert. Sie verlieren mit den Buchungen und den oft notwendigen Umbuchungen einfach zu viel Zeit und k\u00f6nnen sich dadurch immer weniger um ihre eigentlichen, gewinnbringenden T\u00e4tigkeiten k\u00fcmmern.<\/p>\n\n\n\n<p style=\"font-size:16px\">Unser professioneller Business Travel Service \u00fcbernimmt diese Aufgaben gerne f\u00fcr Sie. Wir organisieren Ihre Fl\u00fcge (Economy, Business oder First Class, Charterfl\u00fcge, Gruppenfl\u00fcge, Privatfl\u00fcge), Mietwagen, Bahnfahrten, Shuttle-Services, Hotels und vieles mehr.<\/p>\n\n\n\n<p style=\"font-size:16px\">Ob Freiberufler, Berater, Unternehmen, Kanzlei, Ingenieur- oder Architekturb\u00fcro \u2013 wir k\u00fcmmern uns gerne um Ihre Reiset\u00e4tigkeiten. Sie haben Ihre Kernkompetenzen, wir haben unsere.<\/p>\n\n\n\n<p style=\"font-size:16px\">Unser Concierge-Service k\u00fcmmert sich auf Wunsch auch gerne um alle organisatorischen Dinge vor Ort wie Tischreservierungen, Eintrittskarten, Limousinenservice etc.<\/p>\n\n\n\n<p><strong>Kontakt &amp; Beratung<\/strong>:<\/p>\n\n\n\n<p>T: +493084513051<\/p>\n\n\n\n<p>T\/WApp: +491638745210<\/p>\n","protected":false},"excerpt":{"rendered":"<p>Gesch\u00e4ftsreisen, Messereisen, Eventreisen, Incentivereisen, Kongressreisen, Tagungsreisen. Als Berliner Gesch\u00e4ftsreisespezialist unterst\u00fctzen wir Ihr Unternehmen gerne bei der Organisation Ihrer Gesch\u00e4ftsreisen oder organisieren mit den entsprechenden Partnern ganze Firmenevents. Die Welt ist mein B\u00fcro: Doch Reisebuchungen, Umbuchungen und Stornierungen werden immer komplexer. Mitarbeiter in Unternehmen, die diese T\u00e4tigkeiten bisher \u201emal eben\u201c erledigt haben, sind damit immer h\u00e4ufiger [&hellip;]<\/p>\n","protected":false},"author":1,"featured_media":0,"parent":0,"menu_order":0,"comment_status":"closed","ping_status":"closed","template":"","meta":{"footnotes":""},"class_list":["post-626","page","type-page","status-publish","hentry","post"],"_links":{"self":[{"href":"https:\/\/maffexgruppe.de\/index.php?rest_route=\/wp\/v2\/pages\/626","targetHints":{"allow":["GET"]}}],"collection":[{"href":"https:\/\/maffexgruppe.de\/index.php?rest_route=\/wp\/v2\/pages"}],"about":[{"href":"https:\/\/maffexgruppe.de\/index.php?rest_route=\/wp\/v2\/types\/page"}],"author":[{"embeddable":true,"href":"https:\/\/maffexgruppe.de\/index.php?rest_route=\/wp\/v2\/users\/1"}],"replies":[{"embeddable":true,"href":"https:\/\/maffexgruppe.de\/index.php?rest_route=%2Fwp%2Fv2%2Fcomments&post=626"}],"version-history":[{"count":2,"href":"https:\/\/maffexgruppe.de\/index.php?rest_route=\/wp\/v2\/pages\/626\/revisions"}],"predecessor-version":[{"id":644,"href":"https:\/\/maffexgruppe.de\/index.php?rest_route=\/wp\/v2\/pages\/626\/revisions\/644"}],"wp:attachment":[{"href":"https:\/\/maffexgruppe.de\/index.php?rest_route=%2Fwp%2Fv2%2Fmedia&parent=626"}],"curies":[{"name":"wp","href":"https:\/\/api.w.org\/{rel}","templated":true}]}}