{"id":627,"date":"2025-07-10T15:48:27","date_gmt":"2025-07-10T15:48:27","guid":{"rendered":"https:\/\/maffexgruppe.de\/?page_id=627"},"modified":"2025-07-10T16:27:32","modified_gmt":"2025-07-10T16:27:32","slug":"medical-spa-reisen","status":"publish","type":"page","link":"https:\/\/maffexgruppe.de\/?page_id=627","title":{"rendered":"Medical &#038; Spa Reisen"},"content":{"rendered":"\n<h1 class=\"wp-block-heading\" style=\"font-size:18px\"><strong>Der weltweite Medizintourismus boomt. <\/strong><\/h1>\n\n\n\n<p style=\"font-size:16px\">Im Gegensatz zu unserem Gesundheitswesen ist es f\u00fcr andere L\u00e4nder v\u00f6llig normal, ihre Patienten f\u00fcr Behandlungen ins Ausland zu schicken und sie dort behandeln zu lassen. Und zwar dort, wo es f\u00fcr sie am besten und wirtschaftlichsten ist. Bei uns ist das leider nur f\u00fcr Privatpatienten m\u00f6glich oder muss aus dem privaten Geldbeutel bezahlt werden. Aber das wird sich bestimmt irgendwann \u00e4ndern. Weitere Informationen erhalten Sie unter<\/p>\n\n\n\n<p><a>KONTAKT<\/a><\/p>\n\n\n\n<h2 class=\"wp-block-heading\" style=\"font-size:18px\"><strong>Einer der gr\u00f6\u00dften Teilnehmer im Bereich Medical Health ist die T\u00fcrkei.<\/strong><\/h2>\n\n\n\n<p style=\"font-size:16px\">Dieser Bereich im Medizinsektor wird staatlich gef\u00f6rdert und gest\u00fctzt. Ob aus den USA, Gro\u00dfbritannien, Irland, Dubai oder Deutschland \u2013 immer mehr Menschen nutzen die Vorteile, die der Gesundheitstourismus bietet. Ob regul\u00e4re Operationen, Transplantationen, Reha-Behandlungen oder Sch\u00f6nheit-OPs, wie Zahnbehandlungen, Brust- oder K\u00f6rperstraffungen. Einen weltweiten Ruf besitzt die T\u00fcrkei f\u00fcr Augenlaserbehandlungen und Haartransplantation.<\/p>\n\n\n\n<p style=\"font-size:16px\">Die \u00c4rzte haben einen sehr hohen Bildungsstand. Sie sind oft an internationalen Topkliniken ausgebildet und geschult. Unsere Kooperationskliniken haben mittlerweile einen h\u00f6heren Standard als bei uns \u00fcblich. Ein weiteres Plus: Sie k\u00f6nnen mit hervorragend geschulten Fachpersonal aufwarten und OP-Termine sind schnell zu bekommen. Bei den Gesundheitsreisen in der T\u00fcrkei ist auch eine Kombination aus Klinik- und Hotelaufenthalt m\u00f6glich. Oftmals verf\u00fcgen auch die angeschlossenen Hotels \u00fcber einen eigenen Arzt und Pflegepersonal, um eine eventuelle Nachsorge sicherzustellen.<\/p>\n\n\n\n<p style=\"font-size:16px\">Alle Kliniken werden staatlich kontrolliert und m\u00fcssen strenge Auflagen erf\u00fcllen, wenn Sie in diesem Bereich arbeiten wollen. Es ist nicht leicht, ein entsprechendes Zertifikat zu bekommen. Alle Teilnehmer sind durch den T\u00dcV oder andere internationale Organisationen, wie JCI offiziell zertifiziert.<\/p>\n\n\n\n<h2 class=\"wp-block-heading\" style=\"font-size:18px\"><strong>Wie muss man sich nun den Ablauf einer Medizin- oder Gesundheitsreise bei uns vorstellen?<\/strong><\/h2>\n\n\n\n<p style=\"font-size:16px\">Bei Eingriffen wie Haartransplantationen, Fettabsaugen usw. bekommen wir von unseren Kunden Fotos der Problembereiche oder fertigen diese an. Geht es um Zahnbehandlungen, senden Sie uns die vorhandenen R\u00f6ntgenbilder zu und wir leiten diese dann an unsere Partnerkliniken und Partner\u00e4rzte. Nach R\u00fcckmeldung der Spezialisten erh\u00e4lt der Kunde durch uns ein unverbindliches Angebot mit der Auflistung der Kosten.<\/p>\n\n\n\n<p style=\"font-size:16px\">Entscheiden Sie sich f\u00fcr eine Operation, wird eine Auftragsbest\u00e4tigung erteilt und es wird ein OP-Tag reserviert. Wir organisieren dann alles Weitere. Wir buchen, Flug und Unterkunft, organisieren auch alles vor Ort in der T\u00fcrkei. In den meisten F\u00e4llen k\u00f6nnen Sie sich auch einen Ort aussuchen, an dem die Behandlung dann stattfindet. Sollte eine Nachbehandlung erforderlich sein, findet diese dann auch in der T\u00fcrkei statt.<\/p>\n\n\n\n<p style=\"font-size:16px\">Unsere Kunden reisen typischerweise f\u00fcr folgende Behandlungen in die T\u00fcrkei und verbinden die Zeit oft mit einem Urlaub:<\/p>\n\n\n\n<h2 class=\"wp-block-heading\" style=\"font-size:18px\"><strong>Beispiele f\u00fcr Sch\u00f6nheitsoperationen, die im Urlaub vorgenommen werden k\u00f6nnen<\/strong><\/h2>\n\n\n\n<ul class=\"wp-block-list\">\n<li style=\"font-size:16px\">Armstraffung \/ Bauchdeckenstraffung \/ Bruststraffung \/ Brustverkleinerung \/ Brustvergr\u00f6\u00dferung \/ Nasenkorrektur \/ Otoplastik \/ Rhinoplastik \/ Oberschenkelstraffung \/ Vaser Fettabsaugung \/ Liposuktion (Fettabsaugung)<\/li>\n<\/ul>\n\n\n\n<h2 class=\"wp-block-heading\" style=\"font-size:18px\"><strong>Magenverkleinerung<\/strong><\/h2>\n\n\n\n<ul class=\"wp-block-list\">\n<li>Schlauchmagenoperation \/ Magenbypass \/ Transit Bipartition<\/li>\n<\/ul>\n\n\n\n<figure class=\"wp-block-image\"><img decoding=\"async\" src=\"https:\/\/maffexreisen.de\/wp-content\/uploads\/2023\/01\/health_fotos.png\" alt=\"\"\/><\/figure>\n\n\n\n<p style=\"font-size:16px\"><strong>Plasische Chirurgie<\/strong>: Bauchdeckenstraffung, R\u00fcckenstraffung, BBL (Brazilian Butt Lift), Blepharoplastik (Augenlider), Botox, Brustimplantate, Bruststraffung, Brustverkleinerung, Augenbrauenplastik, Ges\u00e4\u00dfimplantate, Lippenspalte (beidseitig-einseitig), Dermalf\u00fcllungen, Ethnische Rhinoplastie (Nasenchirurgie), Gesichtsstraffung, Gyn\u00e4komastie, J-Plasma, Fettabsaugung, Mommy Makeover, Nasenkorrektur, Sekund\u00e4re Rinolastie, Septumplastie, Septorhinoplastie, Oberschenkelstraffung.<\/p>\n\n\n\n<p style=\"font-size:16px\"><strong>Bariatrische Chirurgie<\/strong> (Gewichtsreduktion): Magenballon,Botox f\u00fcr den Magen, Magenbypass, Schlauchmagen, Mini-Gastrischer Bypass,Verschluckbarer Magenballon, Transit Zweiteilung.<\/p>\n\n\n\n<p style=\"font-size:16px\"><strong>Zahnmedizin<\/strong>:&nbsp; Zahnkronen, Zahnimplantate, Verblendungen, Zahnersatz, E-max Funiere\/Kronen, Lumineers, Zahnaufhellung, Extraktion von Wei\u00dfheitsz\u00e4hnen, Zirkoniumkrone.<\/p>\n\n\n\n<p style=\"font-size:16px\"><strong>Haartransplantation<\/strong>:&nbsp; Barthaartransplantation, DHI Haartransplantation, Haartransplantation bei Frauen,FUE Haartransplantation<\/p>\n\n\n\n<p style=\"font-size:16px\"><strong>Ophtalmologie<\/strong> (Augenheilkunde):&nbsp; Katarakt-Chirurgie, Laserbehandlung (LASIK), Linsenchirurgie<\/p>\n\n\n\n<h2 class=\"wp-block-heading\" style=\"font-size:18px\"><strong>Unsere Partner vor Ort sind<\/strong>:<\/h2>\n\n\n\n<ul class=\"wp-block-list\">\n<li style=\"font-size:16px\">Krankenh\u00e4user und Universit\u00e4tskrankenh\u00e4user<\/li>\n\n\n\n<li style=\"font-size:16px\">Kliniken f\u00fcr \u00c4sthetische und Rekonstruktive Chirurgie<\/li>\n\n\n\n<li style=\"font-size:16px\">Kliniken f\u00fcr Zahngesundheit und \u00c4sthetik<\/li>\n\n\n\n<li style=\"font-size:16px\">Kliniken f\u00fcr Augenoperation<\/li>\n\n\n\n<li style=\"font-size:16px\">Kliniken f\u00fcr Haartransplantation<\/li>\n\n\n\n<li style=\"font-size:16px\">Kliniken und Zentren f\u00fcr Unfruchtbarkeit (IVF-Kliniken)<\/li>\n\n\n\n<li style=\"font-size:16px\">Zentren f\u00fcr Altenpflege und Lebenszentren<\/li>\n\n\n\n<li style=\"font-size:16px\">Kliniken f\u00fcr bariatrische Chirurgie<\/li>\n\n\n\n<li style=\"font-size:16px\">Kliniken f\u00fcr Gastroenterologie<\/li>\n\n\n\n<li style=\"font-size:16px\">Organtransplantationen<\/li>\n\n\n\n<li style=\"font-size:16px\">Onkologische Fachkliniken<\/li>\n\n\n\n<li style=\"font-size:16px\">Zentrum f\u00fcr Rehabilitation und physikalische Medizin<\/li>\n\n\n\n<li style=\"font-size:16px\">SPA- und Wellness-Zentren, Hotels<\/li>\n\n\n\n<li style=\"font-size:16px\">Rehakliniken f\u00fcr Adipositas<\/li>\n\n\n\n<li style=\"font-size:16px\">Zentren f\u00fcr thermische Gesundheit und Kuren<\/li>\n\n\n\n<li style=\"font-size:16px\">Medizinische Zentren f\u00fcr Erwachsene mit Behinderung (MZEB)<\/li>\n\n\n\n<li style=\"font-size:16px\">Geriatrische Zentren<\/li>\n<\/ul>\n","protected":false},"excerpt":{"rendered":"<p>Der weltweite Medizintourismus boomt. Im Gegensatz zu unserem Gesundheitswesen ist es f\u00fcr andere L\u00e4nder v\u00f6llig normal, ihre Patienten f\u00fcr Behandlungen ins Ausland zu schicken und sie dort behandeln zu lassen. Und zwar dort, wo es f\u00fcr sie am besten und wirtschaftlichsten ist. Bei uns ist das leider nur f\u00fcr Privatpatienten m\u00f6glich oder muss aus dem [&hellip;]<\/p>\n","protected":false},"author":1,"featured_media":0,"parent":0,"menu_order":0,"comment_status":"closed","ping_status":"closed","template":"","meta":{"footnotes":""},"class_list":["post-627","page","type-page","status-publish","hentry","post"],"_links":{"self":[{"href":"https:\/\/maffexgruppe.de\/index.php?rest_route=\/wp\/v2\/pages\/627","targetHints":{"allow":["GET"]}}],"collection":[{"href":"https:\/\/maffexgruppe.de\/index.php?rest_route=\/wp\/v2\/pages"}],"about":[{"href":"https:\/\/maffexgruppe.de\/index.php?rest_route=\/wp\/v2\/types\/page"}],"author":[{"embeddable":true,"href":"https:\/\/maffexgruppe.de\/index.php?rest_route=\/wp\/v2\/users\/1"}],"replies":[{"embeddable":true,"href":"https:\/\/maffexgruppe.de\/index.php?rest_route=%2Fwp%2Fv2%2Fcomments&post=627"}],"version-history":[{"count":3,"href":"https:\/\/maffexgruppe.de\/index.php?rest_route=\/wp\/v2\/pages\/627\/revisions"}],"predecessor-version":[{"id":652,"href":"https:\/\/maffexgruppe.de\/index.php?rest_route=\/wp\/v2\/pages\/627\/revisions\/652"}],"wp:attachment":[{"href":"https:\/\/maffexgruppe.de\/index.php?rest_route=%2Fwp%2Fv2%2Fmedia&parent=627"}],"curies":[{"name":"wp","href":"https:\/\/api.w.org\/{rel}","templated":true}]}}