{"id":653,"date":"2025-07-10T16:31:56","date_gmt":"2025-07-10T16:31:56","guid":{"rendered":"https:\/\/maffexgruppe.de\/?page_id=653"},"modified":"2025-07-10T16:48:30","modified_gmt":"2025-07-10T16:48:30","slug":"service","status":"publish","type":"page","link":"https:\/\/maffexgruppe.de\/?page_id=653","title":{"rendered":"Service"},"content":{"rendered":"<div class=\"wp-block-image\">\n<figure class=\"aligncenter size-full\"><img loading=\"lazy\" decoding=\"async\" width=\"580\" height=\"387\" src=\"https:\/\/maffexgruppe.de\/wp-content\/uploads\/2025\/07\/beratung.webp\" alt=\"\" class=\"wp-image-657\" srcset=\"https:\/\/maffexgruppe.de\/wp-content\/uploads\/2025\/07\/beratung.webp 580w, https:\/\/maffexgruppe.de\/wp-content\/uploads\/2025\/07\/beratung-300x200.webp 300w, https:\/\/maffexgruppe.de\/wp-content\/uploads\/2025\/07\/beratung-272x182.webp 272w\" sizes=\"auto, (max-width: 580px) 100vw, 580px\" \/><\/figure><\/div>\n\n\n<p style=\"font-size:16px\">Ob Visaservice, Ihren Bed\u00fcrfnissen angepasste Reiseversicherungen, Reiseconciergeservice f\u00fcr unsere Businesskunden &#8211; Service wird bei uns als Dienstleister gro\u00df geschrieben und gelebt. Sie haben ein Anliegen &#8211; wir die L\u00f6sung! Kontakt: 030-84513051 und 0309210444823<\/p>\n\n\n\n<h1 class=\"wp-block-heading\" style=\"font-size:18px\">UNSERE PARTNER<\/h1>\n\n\n\n<p style=\"font-size:16px\">Unsere Reiseagentur arbeitet mit fast allen deutschen und internationalen Reiseveranstaltern zusammen. Hier sehen einige unserer Gesch\u00e4ftspartner:<\/p>\n\n\n\n<figure class=\"wp-block-image\"><img decoding=\"async\" src=\"https:\/\/maffex.de\/wp-content\/uploads\/2024\/08\/reiseveranstalter.jpg\" alt=\"\" class=\"wp-image-2238\"\/><\/figure>\n\n\n\n<hr class=\"wp-block-separator has-alpha-channel-opacity is-style-wide\"\/>\n\n\n\n<h1 class=\"wp-block-heading\" style=\"font-size:18px\">Reiseversicherung<\/h1>\n\n\n\n<h2 class=\"wp-block-heading\" style=\"font-size:16px\">Hier k\u00f6nnen Sie Ihre Reiseversicherung bei unseren Partnern direkt Online buchen oder kommen Sie einfach in unser B\u00fcro:<\/h2>\n\n\n\n<p><a href=\"https:\/\/app.ergo-reiseversicherung.de\/ba4\/landingPage.html?&amp;ba=standard&amp;agency=030608000000\" target=\"_blank\" rel=\"noreferrer noopener\">ERGO Reiseversicherung<\/a><\/p>\n\n\n\n<p><strong>Hier k\u00f6nnen Sie die <a href=\"https:\/\/app.ergo-reiseversicherung.de\/ba4\/landingPage.html?&amp;ba=standard&amp;agency=030608000000\" target=\"_blank\" rel=\"noreferrer noopener\">Hanse Merkur Reisversicherung <\/a>buchen<\/strong><\/p>\n\n\n\n<p><a href=\"https:\/\/www.reiseversicherung.de\/baRuntime\/start?&amp;ba=standard&amp;agency=030608000000\" target=\"_blank\" rel=\"noreferrer noopener\"><\/a><\/p>\n\n\n\n<hr class=\"wp-block-separator has-alpha-channel-opacity is-style-wide\"\/>\n\n\n\n<h1 class=\"wp-block-heading\" style=\"font-size:18px\">Check In-Seiten einiger Fluggesellschaften:<\/h1>\n\n\n\n<p style=\"font-size:16px\"><a href=\"https:\/\/www.lufthansa.com\/de\/de\/online-check-in\" target=\"_blank\" rel=\"noreferrer noopener\">LUFTHANSA&nbsp; CHECK IN<\/a><\/p>\n\n\n\n<p style=\"font-size:16px\"><a href=\"https:\/\/wwws.airfrance.de\/check-in\" target=\"_blank\" rel=\"noreferrer noopener\">AIR FRANCE CHECK IN<\/a><\/p>\n\n\n\n<p style=\"font-size:16px\"><a href=\"https:\/\/www.aerlingus.com\/travel-information\/check-in-options\/online\/\" target=\"_blank\" rel=\"noreferrer noopener\">AIR LINGUS CHECK IN<\/a><\/p>\n\n\n\n<p style=\"font-size:16px\"><a href=\"https:\/\/www.britishairways.com\/travel\/olcilandingpageauthreq\/public\/de_de\" target=\"_blank\" rel=\"noreferrer noopener\">BRITISH AIRWAYS CHECK IN<\/a><\/p>\n\n\n\n<p style=\"font-size:16px\"><a href=\"https:\/\/wci.croatiaairlines.hr\/web#ck_retrieve\" target=\"_blank\" rel=\"noreferrer noopener\">CROATIA AIRLINES<\/a><\/p>\n\n\n\n<p style=\"font-size:16px\"><a href=\"https:\/\/www.easyjet.com\/de\/hilfe\/buchung-und-check-in\/check-in\" target=\"_blank\" rel=\"noreferrer noopener\">EASYJET CHECK IN<\/a><\/p>\n\n\n\n<p style=\"font-size:16px\"><a href=\"https:\/\/www.emirates.com\/de\/german\/manage-booking\/online-check-in\/\" target=\"_blank\" rel=\"noreferrer noopener\">EMIRATES CHECK IN<\/a><\/p>\n\n\n\n<p style=\"font-size:16px\"><a href=\"https:\/\/www.iberia.com\/de\/online-checkin\/?language=de&amp;market=de#!\/ibcose\" target=\"_blank\" rel=\"noreferrer noopener\">IBERIA CHECK IN<\/a><\/p>\n\n\n\n<p style=\"font-size:16px\"><a href=\"https:\/\/www.ryanair.com\/de\/de\/lp\/check-in\" target=\"_blank\" rel=\"noreferrer noopener\">RYANAIR CHECK IN&nbsp;<\/a><\/p>\n\n\n\n<p style=\"font-size:16px\"><a href=\"https:\/\/www.smartlynx.aero\/de\/online_check_in\" target=\"_blank\" rel=\"noreferrer noopener\">SMART LYNX<\/a><\/p>\n\n\n\n<p style=\"font-size:16px\"><a href=\"https:\/\/www.swiss.com\/de\/de\/fly\/check-in\/online-check-in\" target=\"_blank\" rel=\"noreferrer noopener\">SWISS CHECK IN<\/a><\/p>\n\n\n\n<p style=\"font-size:16px\"><a href=\"https:\/\/www.qatarairways.com\/de-de\/services-checking-in.html\" target=\"_blank\" rel=\"noreferrer noopener\">QATAR CHECK IN<\/a><\/p>\n\n\n\n<p style=\"font-size:16px\"><a href=\"https:\/\/www.qantas.com\/de\/de\/travel-info\/check-in.html\" target=\"_blank\" rel=\"noreferrer noopener\">QUANTAS CHECK IN&nbsp;<\/a><\/p>\n\n\n\n<p style=\"font-size:16px\"><a href=\"https:\/\/www.vueling.com\/de\/serviceleistungen-von-vueling\/online-check-in\" target=\"_blank\" rel=\"noreferrer noopener\">VUELING CHECK IN<\/a><\/p>\n\n\n\n<hr class=\"wp-block-separator has-alpha-channel-opacity is-style-wide\"\/>\n\n\n\n<h1 class=\"wp-block-heading\" style=\"font-size:18px\"><strong>Tranfer und Shuttle buchen<\/strong><\/h1>\n\n\n\n<p style=\"font-size:16px\">Sie m\u00f6chten einen Transfer vom Flughafen zu Ihrem Hotel buchen? Dann sind Sie hier richtig. Sie haben die Wahl zwischen Shuttleservice mit mehreren Reisenden oder privater Limousine.<\/p>\n\n\n\n<p style=\"font-size:16px\">Buchen Sie direkt <a href=\"https:\/\/www.urlaubstransfers.de\/index\/index\/refID\/14927767\/agency_email\/kontakt@maffextravel.de\" target=\"_blank\" rel=\"noreferrer noopener\"><strong>online<\/strong><\/a> bei unserem <a href=\"https:\/\/www.urlaubstransfers.de\/index\/index\/refID\/14927767\/agency_email\/kontakt@maffextravel.de\" target=\"_blank\" rel=\"noreferrer noopener\"><strong>Partnerunternehmen<\/strong><\/a> oder setzen Sie sich mit unserem B\u00fcro in Verbindung. Wir sorgen dann f\u00fcr Ihren Transfer.<\/p>\n\n\n\n<p style=\"font-size:16px\">Telefon: +49 30 845 130 51&nbsp; \/&nbsp; Mobil\/WApp: +49 163 97 45 210<\/p>\n\n\n\n<hr class=\"wp-block-separator has-alpha-channel-opacity is-style-wide\"\/>\n\n\n\n<h1 class=\"wp-block-heading\" style=\"font-size:18px\"><strong>Reiseconierge in Berlin \u2013 Maffex Reiseagentur:<\/strong><\/h1>\n\n\n\n<h2 class=\"wp-block-heading\" style=\"font-size:18px\">Als Berliner Spezialist f\u00fcr Privat- und Gesch\u00e4ftsreisen sind wir Ihnen gerne beim Organisieren komplexer Reisen behilflich.<\/h2>\n\n\n\n<p style=\"font-size:16px\">Ob Luxus &amp; Komfort oder effiziente Gesch\u00e4ftsreise \u2013 unser professioneller Reiseservice in der Berliner Leibnizstra\u00dfe \u00fcbernimmt gerne alle T\u00e4tigkeiten rund um Ihre Privat- oder Gesch\u00e4ftsreisen f\u00fcr Sie.&nbsp;<\/p>\n\n\n\n<p style=\"font-size:16px\">Ob Fl\u00fcge (Economy, Business, First, Privat), Mietwagen und Limousinen, Hotels, Ressorts, Wellness&amp; Spa, Ferienwohnungen, Ferienh\u00e4user und Villen, Privatinseln, Boote, Jachten \u2013 wir organisieren das Passende. Sie haben besondere Vorstellungen oder W\u00fcnsche \u2013 fragen Sie uns einfach.<\/p>\n\n\n\n<p style=\"font-size:16px\">Sie m\u00f6chten einen erweiterten Rundum \u2013 24\/7 \u2013 Service genie\u00dfen? Dann ist unser CONCIERGE + das richtige Programm. Weitere Informationen dazu erhalten Sie sehr gern auf Anfrage.<\/p>\n\n\n\n<p><\/p>\n\n\n\n<p><strong>Kontakt &amp; Beratung:<\/strong><\/p>\n\n\n\n<p>+49 163 87 45 210<br>+49 30 845 13 051<\/p>\n\n\n\n<hr class=\"wp-block-separator has-alpha-channel-opacity is-style-wide\"\/>\n\n\n\n<p>Unser Berliner Visaservice hilft Ihnen gerne weiter.\u00a0 Wir pr\u00fcfen f\u00fcr Sie die Einreisebestimmungen und helfen Ihnen bei der Beantragung der n\u00f6tigen Dokumente.<\/p>\n\n\n\n<p>Sie erreichen unser Team unter: 03084513051 oder unter info@maffex.de . Im Betreff bitte Visa eingeben.<\/p>\n\n\n\n<h2 class=\"wp-block-heading\" style=\"font-size:18px\"><strong>VISASERVICE in Berlin&nbsp;<\/strong><\/h2>\n\n\n\n<p>If you have booked your trip \u2013 whether for business or pleasure \u2013 it is now important to clarify entry conditions for destination country and to apply for a visa if necessary.&nbsp;<br>We are happy to help you with this step. We check the entry requirements for you and help you to apply for the necessary documents for entry to your destination country.&nbsp;<\/p>\n\n\n\n<hr class=\"wp-block-separator has-alpha-channel-opacity is-style-wide\"\/>\n","protected":false},"excerpt":{"rendered":"<p>Ob Visaservice, Ihren Bed\u00fcrfnissen angepasste Reiseversicherungen, Reiseconciergeservice f\u00fcr unsere Businesskunden &#8211; Service wird bei uns als Dienstleister gro\u00df geschrieben und gelebt. Sie haben ein Anliegen &#8211; wir die L\u00f6sung! Kontakt: 030-84513051 und 0309210444823 UNSERE PARTNER Unsere Reiseagentur arbeitet mit fast allen deutschen und internationalen Reiseveranstaltern zusammen. Hier sehen einige unserer Gesch\u00e4ftspartner: Reiseversicherung Hier k\u00f6nnen Sie [&hellip;]<\/p>\n","protected":false},"author":1,"featured_media":0,"parent":0,"menu_order":0,"comment_status":"closed","ping_status":"closed","template":"","meta":{"footnotes":""},"class_list":["post-653","page","type-page","status-publish","hentry","post"],"_links":{"self":[{"href":"https:\/\/maffexgruppe.de\/index.php?rest_route=\/wp\/v2\/pages\/653","targetHints":{"allow":["GET"]}}],"collection":[{"href":"https:\/\/maffexgruppe.de\/index.php?rest_route=\/wp\/v2\/pages"}],"about":[{"href":"https:\/\/maffexgruppe.de\/index.php?rest_route=\/wp\/v2\/types\/page"}],"author":[{"embeddable":true,"href":"https:\/\/maffexgruppe.de\/index.php?rest_route=\/wp\/v2\/users\/1"}],"replies":[{"embeddable":true,"href":"https:\/\/maffexgruppe.de\/index.php?rest_route=%2Fwp%2Fv2%2Fcomments&post=653"}],"version-history":[{"count":9,"href":"https:\/\/maffexgruppe.de\/index.php?rest_route=\/wp\/v2\/pages\/653\/revisions"}],"predecessor-version":[{"id":681,"href":"https:\/\/maffexgruppe.de\/index.php?rest_route=\/wp\/v2\/pages\/653\/revisions\/681"}],"wp:attachment":[{"href":"https:\/\/maffexgruppe.de\/index.php?rest_route=%2Fwp%2Fv2%2Fmedia&parent=653"}],"curies":[{"name":"wp","href":"https:\/\/api.w.org\/{rel}","templated":true}]}}