{"id":99,"date":"2022-12-06T16:01:50","date_gmt":"2022-12-06T16:01:50","guid":{"rendered":"https:\/\/maffexgruppe.de\/?page_id=99"},"modified":"2025-07-10T17:05:02","modified_gmt":"2025-07-10T17:05:02","slug":"ueber-uns","status":"publish","type":"page","link":"https:\/\/maffexgruppe.de\/?page_id=99","title":{"rendered":"\u00dcber uns"},"content":{"rendered":"\n<p style=\"font-size:16px\"><strong>Ihre Reiseagentur f\u00fcr alle F\u00e4lle: Wir sind in der Lage, fast alle Kundenw\u00fcnsche rund um das Thema Reisen zu erf\u00fcllen.&nbsp;Willkommen bei Maffex Travel!<\/strong><\/p>\n\n\n\n<p>Unsere Gesch\u00e4ftsbereiche im \u00dcberblick:<\/p>\n\n\n\n<p><strong>Maffex Travel \u2013 Ihr Berliner Reiseb\u00fcro<\/strong><\/p>\n\n\n\n<p>Reisen zu Onlinepreisen. Ob Pauschalreisen, Kreuzfahrten, Flusskreuzfahrten, St\u00e4dtetripps, Rundreisen, Kurzreisen, Kur- &amp; Wellnessreisen, Flugbuchungen, Gruppenfl\u00fcge, Hochzeitsreisen, Romantikreisen, Safari, Weltreisen, Visaservice und Reiseversicherung.<\/p>\n\n\n\n<p>Haben wir etwas in der Aufz\u00e4hlung vergessen? Wir finden die L\u00f6sung! Unser Reiseb\u00fcro ist gerne f\u00fcr Sie da. Auf unseren Webseiten k\u00f6nnen Sie auch einige Reisen und Dienstleistungen direkt online buchen.<\/p>\n\n\n\n<p><strong>Komfort &amp; Luxus<\/strong><\/p>\n\n\n\n<p>Ob exklusive Resorts, Hotels der Extraklasse, Ferienwohnungen und Ferienh\u00e4user, Fincas, Ferienvillen oder gleich eine Privatinsel \u2013 wir finden weltweit das Passende. Sie m\u00f6chten lieber eine wundersch\u00f6ne Zeit auf dem Wasser verbringen? Wir halten die passenden Boote und Jachten f\u00fcr Sie bereit. Sie m\u00f6chten Ihr Reiseziel v\u00f6llig entspannt und erholt erreichen? Dann k\u00f6nnen Sie bei uns die entsprechenden Fl\u00fcge buchen. Ob Business- oder First Class, Privatjet oder Helikopter. Wir sind gerne f\u00fcr Ihre individuellen Reisew\u00fcnsche da.<\/p>\n\n\n\n<p><strong>Unser Gesch\u00e4ftsreiseservice<\/strong><\/p>\n\n\n\n<p>Dieser Bereich richtet sich an Selbst\u00e4ndige, Unternehmer, Firmen, Konzerne, Kanzleien, Architekturb\u00fcros oder Sportclubs. Fokus ist gefragt. Jeder sollte sich auf das konzentrieren, was er am besten kann. Und wir k\u00f6nnen Reisen! Ob Bahntickets, Flugbuchungen aller Art und Klassen, Hotelreservierungen, Limousinenservice oder Mietwagen, wir erledigen das gerne f\u00fcr Sie.<\/p>\n\n\n\n<p>Sie m\u00f6chten einen pers\u00f6nlichen \u201eRund-Um-Service\u201c, unser Conciergeservice ist dann der richtige Service f\u00fcr Sie. Sprechen Sie uns darauf an.<\/p>\n\n\n\n<p><strong>Med &amp; Spa \u2013 Medizinische und Erholungsreisen<\/strong><\/p>\n\n\n\n<p>Diese Abteilung k\u00fcmmert sich um medizinische Reisen. Der Begriff und das Angebot sind breit gef\u00e4chert. <strong>Spa- und Erholungsreisen<\/strong> sind angenehm und sehr gut f\u00fcr K\u00f6rper und Geist. <strong>Manager-Retreat<\/strong> ist ein relativ neuer Begriff. Der harte Gesch\u00e4ftsalltag hat auch seine Schattenseiten. Ab und an sollte man sich richtig durchchecken lassen. \u00dcberlassen Sie diese Untersuchungen besser darauf spezialisierten Profis als Ihren Hausarzt. Auch \u201erichtige\u201c medizinische und kosmetische Eingriffe lassen sich heute, oft kosteng\u00fcnstiger, im Urlaub erledigen. Im Spa- und Erholungsbereich halten wir weltweit entsprechende Angebote bereit. Im <strong>medizinischen Bereich<\/strong> haben wir uns in erster Linie auf die T\u00fcrkei konzentriert und halten entsprechende Angebote f\u00fcr Sie bereit. Wir achten auf h\u00f6chste Qualit\u00e4t der Angebote und sorgen f\u00fcr den kompletten Ablauf. Ob Haarverpflanzung, Haarentfernung, Fettabsaugung, Magenverkleinerung, Nasenkorrektur, Rhinoplastik, Augen- oder Zahnbehandlung, vieles ist m\u00f6glich und im Vergleich zu deutschen Preisen kosteng\u00fcnstig.<\/p>\n\n\n\n<p>Alle wesentlichen Informationen und aktuelle Angebote finden Sie auf unseren Webseiten oder auf Facebook, Instagram &amp; Co.<\/p>\n\n\n\n<p><strong>Kontakt &amp; Beratung<\/strong>:<\/p>\n\n\n\n<p>Telefon: +49 30 845 130 51&nbsp; \/&nbsp; WApp: +49 163 97 45 210 \/ info@maffex.de<\/p>\n\n\n\n<p><strong>B\u00fcroadresse<\/strong>:<\/p>\n\n\n\n<p>Leibnizstr.63, 10629 Berlin<\/p>\n\n\n\n<p>(zwischen Kudamm und Kantstra\u00dfe)<\/p>\n\n\n\n<p><strong>B\u00fcrozeiten<\/strong>:<\/p>\n\n\n\n<p>MO-FR: 10:00 \u2013 20:00 \/ SA: 10-17:00. Eine Terminvereinbarung ist auch au\u00dferhalb dieser Zeiten und am Wochenende m\u00f6glich.<\/p>\n","protected":false},"excerpt":{"rendered":"<p>Ihre Reiseagentur f\u00fcr alle F\u00e4lle: Wir sind in der Lage, fast alle Kundenw\u00fcnsche rund um das Thema Reisen zu erf\u00fcllen.&nbsp;Willkommen bei Maffex Travel! Unsere Gesch\u00e4ftsbereiche im \u00dcberblick: Maffex Travel \u2013 Ihr Berliner Reiseb\u00fcro Reisen zu Onlinepreisen. Ob Pauschalreisen, Kreuzfahrten, Flusskreuzfahrten, St\u00e4dtetripps, Rundreisen, Kurzreisen, Kur- &amp; Wellnessreisen, Flugbuchungen, Gruppenfl\u00fcge, Hochzeitsreisen, Romantikreisen, Safari, Weltreisen, Visaservice und Reiseversicherung. [&hellip;]<\/p>\n","protected":false},"author":1,"featured_media":0,"parent":0,"menu_order":0,"comment_status":"closed","ping_status":"closed","template":"","meta":{"footnotes":""},"class_list":["post-99","page","type-page","status-publish","hentry","post"],"_links":{"self":[{"href":"https:\/\/maffexgruppe.de\/index.php?rest_route=\/wp\/v2\/pages\/99","targetHints":{"allow":["GET"]}}],"collection":[{"href":"https:\/\/maffexgruppe.de\/index.php?rest_route=\/wp\/v2\/pages"}],"about":[{"href":"https:\/\/maffexgruppe.de\/index.php?rest_route=\/wp\/v2\/types\/page"}],"author":[{"embeddable":true,"href":"https:\/\/maffexgruppe.de\/index.php?rest_route=\/wp\/v2\/users\/1"}],"replies":[{"embeddable":true,"href":"https:\/\/maffexgruppe.de\/index.php?rest_route=%2Fwp%2Fv2%2Fcomments&post=99"}],"version-history":[{"count":23,"href":"https:\/\/maffexgruppe.de\/index.php?rest_route=\/wp\/v2\/pages\/99\/revisions"}],"predecessor-version":[{"id":683,"href":"https:\/\/maffexgruppe.de\/index.php?rest_route=\/wp\/v2\/pages\/99\/revisions\/683"}],"wp:attachment":[{"href":"https:\/\/maffexgruppe.de\/index.php?rest_route=%2Fwp%2Fv2%2Fmedia&parent=99"}],"curies":[{"name":"wp","href":"https:\/\/api.w.org\/{rel}","templated":true}]}}